{"id":87,"date":"2022-01-03T22:45:44","date_gmt":"2022-01-03T21:45:44","guid":{"rendered":"https:\/\/rbsanace.cz\/?page_id=87"},"modified":"2022-01-17T15:42:32","modified_gmt":"2022-01-17T14:42:32","slug":"torkret-strikany-beton","status":"publish","type":"page","link":"https:\/\/rbsanace.cz\/index.php\/produkty-a-sluzby\/torkret-strikany-beton\/","title":{"rendered":"Torkret &#8211; st\u0159\u00edkan\u00fd beton"},"content":{"rendered":"\t\t<div data-elementor-type=\"wp-page\" data-elementor-id=\"87\" class=\"elementor elementor-87\">\n\t\t\t\t\t\t<section class=\"elementor-section elementor-top-section elementor-element elementor-element-385fce5d elementor-hidden-widescreen elementor-hidden-desktop elementor-hidden-tablet_extra elementor-hidden-tablet elementor-section-boxed elementor-section-height-default elementor-section-height-default\" data-id=\"385fce5d\" data-element_type=\"section\" data-e-type=\"section\">\n\t\t\t\t\t\t<div class=\"elementor-container elementor-column-gap-default\">\n\t\t\t\t\t<div class=\"elementor-column elementor-col-50 elementor-top-column elementor-element elementor-element-3f67cd9d\" data-id=\"3f67cd9d\" data-element_type=\"column\" data-e-type=\"column\">\n\t\t\t<div class=\"elementor-widget-wrap elementor-element-populated\">\n\t\t\t\t\t\t<div class=\"elementor-element elementor-element-468446d1 elementor-widget elementor-widget-image\" data-id=\"468446d1\" data-element_type=\"widget\" data-e-type=\"widget\" data-widget_type=\"image.default\">\n\t\t\t\t<div class=\"elementor-widget-container\">\n\t\t\t\t\t\t\t\t\t\t\t\t\t\t\t\t<a href=\"https:\/\/rbsanace.cz\/index.php\/hlavni-stranka\">\n\t\t\t\t\t\t\t<img fetchpriority=\"high\" decoding=\"async\" width=\"750\" height=\"80\" src=\"https:\/\/rbsanace.cz\/wp-content\/uploads\/2022\/01\/logo_RB_sanace-1024x109.png\" class=\"attachment-large size-large wp-image-131\" alt=\"\" srcset=\"https:\/\/rbsanace.cz\/wp-content\/uploads\/2022\/01\/logo_RB_sanace-1024x109.png 1024w, https:\/\/rbsanace.cz\/wp-content\/uploads\/2022\/01\/logo_RB_sanace-300x32.png 300w, https:\/\/rbsanace.cz\/wp-content\/uploads\/2022\/01\/logo_RB_sanace-768x81.png 768w, https:\/\/rbsanace.cz\/wp-content\/uploads\/2022\/01\/logo_RB_sanace.png 1066w\" sizes=\"(max-width: 750px) 100vw, 750px\" style=\"width:100%;height:10.6%;max-width:1066px\" \/>\t\t\t\t\t\t\t\t<\/a>\n\t\t\t\t\t\t\t\t\t\t\t\t\t\t\t<\/div>\n\t\t\t\t<\/div>\n\t\t\t\t\t<\/div>\n\t\t<\/div>\n\t\t\t\t<div class=\"elementor-column elementor-col-50 elementor-top-column elementor-element elementor-element-342c89d9\" data-id=\"342c89d9\" data-element_type=\"column\" data-e-type=\"column\">\n\t\t\t<div class=\"elementor-widget-wrap elementor-element-populated\">\n\t\t\t\t\t\t<div class=\"elementor-element elementor-element-4d3a1372 elementor-hidden-widescreen elementor-hidden-desktop elementor-hidden-tablet_extra elementor-widget elementor-widget-button\" data-id=\"4d3a1372\" data-element_type=\"widget\" data-e-type=\"widget\" data-widget_type=\"button.default\">\n\t\t\t\t<div class=\"elementor-widget-container\">\n\t\t\t\t\t\t\t\t\t<div class=\"elementor-button-wrapper\">\n\t\t\t\t\t<a class=\"elementor-button elementor-size-sm\" role=\"button\" id=\"btn-menu\">\n\t\t\t\t\t\t<span class=\"elementor-button-content-wrapper\">\n\t\t\t\t\t\t<span class=\"elementor-button-icon\">\n\t\t\t\t<i aria-hidden=\"true\" class=\"fas fa-bars\"><\/i>\t\t\t<\/span>\n\t\t\t\t\t\t\t\t<\/span>\n\t\t\t\t\t<\/a>\n\t\t\t\t<\/div>\n\t\t\t\t\t\t\t\t<\/div>\n\t\t\t\t<\/div>\n\t\t\t\t\t<\/div>\n\t\t<\/div>\n\t\t\t\t\t<\/div>\n\t\t<\/section>\n\t\t\t\t<section class=\"elementor-section elementor-inner-section elementor-element elementor-element-4c0c36bf elementor-hidden-mobile elementor-section-boxed elementor-section-height-default elementor-section-height-default\" data-id=\"4c0c36bf\" data-element_type=\"section\" data-e-type=\"section\" id=\"menu\" data-settings=\"{&quot;background_background&quot;:&quot;classic&quot;}\">\n\t\t\t\t\t\t<div class=\"elementor-container elementor-column-gap-default\">\n\t\t\t\t\t<div class=\"elementor-column elementor-col-20 elementor-inner-column elementor-element elementor-element-27d33ae3\" data-id=\"27d33ae3\" data-element_type=\"column\" data-e-type=\"column\">\n\t\t\t<div class=\"elementor-widget-wrap elementor-element-populated\">\n\t\t\t\t\t\t<div class=\"elementor-element elementor-element-29d280c3 elementor-hidden-mobile elementor-widget elementor-widget-image\" data-id=\"29d280c3\" data-element_type=\"widget\" data-e-type=\"widget\" data-widget_type=\"image.default\">\n\t\t\t\t<div class=\"elementor-widget-container\">\n\t\t\t\t\t\t\t\t\t\t\t\t\t\t\t\t<a href=\"https:\/\/rbsanace.cz\/index.php\/hlavni-stranka\">\n\t\t\t\t\t\t\t<img fetchpriority=\"high\" decoding=\"async\" width=\"750\" height=\"80\" src=\"https:\/\/rbsanace.cz\/wp-content\/uploads\/2022\/01\/logo_RB_sanace-1024x109.png\" class=\"attachment-large size-large wp-image-131\" alt=\"\" srcset=\"https:\/\/rbsanace.cz\/wp-content\/uploads\/2022\/01\/logo_RB_sanace-1024x109.png 1024w, https:\/\/rbsanace.cz\/wp-content\/uploads\/2022\/01\/logo_RB_sanace-300x32.png 300w, https:\/\/rbsanace.cz\/wp-content\/uploads\/2022\/01\/logo_RB_sanace-768x81.png 768w, https:\/\/rbsanace.cz\/wp-content\/uploads\/2022\/01\/logo_RB_sanace.png 1066w\" sizes=\"(max-width: 750px) 100vw, 750px\" style=\"width:100%;height:10.6%;max-width:1066px\" \/>\t\t\t\t\t\t\t\t<\/a>\n\t\t\t\t\t\t\t\t\t\t\t\t\t\t\t<\/div>\n\t\t\t\t<\/div>\n\t\t\t\t\t<\/div>\n\t\t<\/div>\n\t\t\t\t<div class=\"elementor-column elementor-col-20 elementor-inner-column elementor-element elementor-element-3975829c\" data-id=\"3975829c\" data-element_type=\"column\" data-e-type=\"column\">\n\t\t\t<div class=\"elementor-widget-wrap elementor-element-populated\">\n\t\t\t\t\t\t<div class=\"elementor-element elementor-element-10ec4cc8 elementor-widget elementor-widget-text-editor\" data-id=\"10ec4cc8\" data-element_type=\"widget\" data-e-type=\"widget\" data-widget_type=\"text-editor.default\">\n\t\t\t\t<div class=\"elementor-widget-container\">\n\t\t\t\t\t\t\t\t\t<a href=\"https:\/\/rbsanace.cz\/index.php\/o-spolecnosti\/\"><span style=\"color: #9d9d9c;\">O spole\u010dnosti<\/span><\/a>\t\t\t\t\t\t\t\t<\/div>\n\t\t\t\t<\/div>\n\t\t\t\t\t<\/div>\n\t\t<\/div>\n\t\t\t\t<div class=\"elementor-column elementor-col-20 elementor-inner-column elementor-element elementor-element-12a5f242\" data-id=\"12a5f242\" data-element_type=\"column\" data-e-type=\"column\">\n\t\t\t<div class=\"elementor-widget-wrap elementor-element-populated\">\n\t\t\t\t\t\t<div class=\"elementor-element elementor-element-754777b0 elementor-widget elementor-widget-text-editor\" data-id=\"754777b0\" data-element_type=\"widget\" data-e-type=\"widget\" data-widget_type=\"text-editor.default\">\n\t\t\t\t<div class=\"elementor-widget-container\">\n\t\t\t\t\t\t\t\t\t<a href=\"https:\/\/rbsanace.cz\/index.php\/produkty-a-sluzby\/\"><span style=\"color: #9d9d9c;\">Produkty a&nbsp;slu\u017eby<\/span><\/a>\t\t\t\t\t\t\t\t<\/div>\n\t\t\t\t<\/div>\n\t\t\t\t\t<\/div>\n\t\t<\/div>\n\t\t\t\t<div class=\"elementor-column elementor-col-20 elementor-inner-column elementor-element elementor-element-438612a8\" data-id=\"438612a8\" data-element_type=\"column\" data-e-type=\"column\">\n\t\t\t<div class=\"elementor-widget-wrap elementor-element-populated\">\n\t\t\t\t\t\t<div class=\"elementor-element elementor-element-62864733 elementor-widget elementor-widget-text-editor\" data-id=\"62864733\" data-element_type=\"widget\" data-e-type=\"widget\" data-widget_type=\"text-editor.default\">\n\t\t\t\t<div class=\"elementor-widget-container\">\n\t\t\t\t\t\t\t\t\t<p><a href=\"https:\/\/rbsanace.cz\/index.php\/reference\/\" data-wplink-url-error=\"true\"><span style=\"color: #9d9d9c;\">Reference<\/span><\/a><\/p>\t\t\t\t\t\t\t\t<\/div>\n\t\t\t\t<\/div>\n\t\t\t\t\t<\/div>\n\t\t<\/div>\n\t\t\t\t<div class=\"elementor-column elementor-col-20 elementor-inner-column elementor-element elementor-element-1f3a6fed\" data-id=\"1f3a6fed\" data-element_type=\"column\" data-e-type=\"column\">\n\t\t\t<div class=\"elementor-widget-wrap elementor-element-populated\">\n\t\t\t\t\t\t<div class=\"elementor-element elementor-element-47a868b1 elementor-widget elementor-widget-text-editor\" data-id=\"47a868b1\" data-element_type=\"widget\" data-e-type=\"widget\" data-widget_type=\"text-editor.default\">\n\t\t\t\t<div class=\"elementor-widget-container\">\n\t\t\t\t\t\t\t\t\t<p><a href=\"https:\/\/rbsanace.cz\/index.php\/kontakt\/\" data-wplink-url-error=\"true\"><span style=\"color: #9d9d9c;\">Kontakt<\/span><\/a><\/p>\t\t\t\t\t\t\t\t<\/div>\n\t\t\t\t<\/div>\n\t\t\t\t\t<\/div>\n\t\t<\/div>\n\t\t\t\t\t<\/div>\n\t\t<\/section>\n\t\t\t\t<section class=\"elementor-section elementor-top-section elementor-element elementor-element-6854b40 elementor-section-boxed elementor-section-height-default elementor-section-height-default\" data-id=\"6854b40\" data-element_type=\"section\" data-e-type=\"section\">\n\t\t\t\t\t\t<div class=\"elementor-container elementor-column-gap-default\">\n\t\t\t\t\t<div class=\"elementor-column elementor-col-100 elementor-top-column elementor-element elementor-element-4d331cb\" data-id=\"4d331cb\" data-element_type=\"column\" data-e-type=\"column\">\n\t\t\t<div class=\"elementor-widget-wrap elementor-element-populated\">\n\t\t\t\t\t\t<section class=\"elementor-section elementor-inner-section elementor-element elementor-element-e0637fb elementor-section-boxed elementor-section-height-default elementor-section-height-default\" data-id=\"e0637fb\" data-element_type=\"section\" data-e-type=\"section\">\n\t\t\t\t\t\t<div class=\"elementor-container elementor-column-gap-no\">\n\t\t\t\t\t<div class=\"elementor-column elementor-col-66 elementor-inner-column elementor-element elementor-element-74e0019\" data-id=\"74e0019\" data-element_type=\"column\" data-e-type=\"column\">\n\t\t\t<div class=\"elementor-widget-wrap elementor-element-populated\">\n\t\t\t\t\t\t<div class=\"elementor-element elementor-element-ae5270c elementor-widget-mobile__width-inherit elementor-widget elementor-widget-heading\" data-id=\"ae5270c\" data-element_type=\"widget\" data-e-type=\"widget\" data-widget_type=\"heading.default\">\n\t\t\t\t<div class=\"elementor-widget-container\">\n\t\t\t\t\t<h1 class=\"elementor-heading-title elementor-size-default\">TORKRET -<br>ST\u0158\u00cdKAN\u00dd<br>BETON<\/h1>\t\t\t\t<\/div>\n\t\t\t\t<\/div>\n\t\t\t\t\t<\/div>\n\t\t<\/div>\n\t\t\t\t<div class=\"elementor-column elementor-col-33 elementor-inner-column elementor-element elementor-element-b3af565\" data-id=\"b3af565\" data-element_type=\"column\" data-e-type=\"column\">\n\t\t\t<div class=\"elementor-widget-wrap elementor-element-populated\">\n\t\t\t\t\t\t<div class=\"elementor-element elementor-element-aa8c548 elementor-widget elementor-widget-text-editor\" data-id=\"aa8c548\" data-element_type=\"widget\" data-e-type=\"widget\" data-widget_type=\"text-editor.default\">\n\t\t\t\t<div class=\"elementor-widget-container\">\n\t\t\t\t\t\t\t\t\tPodstatou v\u0161ech sana\u010dn\u00edch prac\u00ed je vr\u00e1cen\u00ed naru\u0161en\u00e9 konstrukci p\u016fvodn\u00ed vlastnosti,\npop\u0159. jejich zv\u00fd\u0161en\u00ed.\t\t\t\t\t\t\t\t<\/div>\n\t\t\t\t<\/div>\n\t\t\t\t<div class=\"elementor-element elementor-element-a30a95a elementor-widget elementor-widget-text-editor\" data-id=\"a30a95a\" data-element_type=\"widget\" data-e-type=\"widget\" data-widget_type=\"text-editor.default\">\n\t\t\t\t<div class=\"elementor-widget-container\">\n\t\t\t\t\t\t\t\t\tZ\u00e1kladem \u00faspe\u0161n\u00e9 sanace je v\u017edy dokonal\u00e1 a pe\u010dliv\u00e1 p\u0159\u00edprava. Klademe d\u016fraz na dodr\u017eov\u00e1n\u00ed technologick\u00e9ho postupu v pr\u016fb\u011bhu cel\u00e9 realizace. D\u016fle\u017eitou sou\u010d\u00e1st\u00ed realizace je spr\u00e1vn\u00fd v\u00fdb\u011br materi\u00e1l\u016f pro sanaci a ochranu konstrukc\u00ed. Pou\u017e\u00edv\u00e1me produkty sv\u011btozn\u00e1m\u00fdch firem (napr. Sika, Drizoro, Basf, Schomburg). Na\u0161i pr\u00e1ci prov\u00e1d\u00edme tak, aby sanovan\u00e1 plocha byla chr\u00e1n\u011bna proti dal\u0161\u00edm mechanick\u00fdm nebo pop\u0159\u00edpad\u011b chemick\u00fdm vliv\u016fm.\t\t\t\t\t\t\t\t<\/div>\n\t\t\t\t<\/div>\n\t\t\t\t\t<\/div>\n\t\t<\/div>\n\t\t\t\t\t<\/div>\n\t\t<\/section>\n\t\t\t\t\t<\/div>\n\t\t<\/div>\n\t\t\t\t\t<\/div>\n\t\t<\/section>\n\t\t\t\t<section class=\"elementor-section elementor-top-section elementor-element elementor-element-1e794364 elementor-section-boxed elementor-section-height-default elementor-section-height-default\" data-id=\"1e794364\" data-element_type=\"section\" data-e-type=\"section\">\n\t\t\t\t\t\t<div class=\"elementor-container elementor-column-gap-default\">\n\t\t\t\t\t<div class=\"elementor-column elementor-col-100 elementor-top-column elementor-element elementor-element-1abf182a\" data-id=\"1abf182a\" data-element_type=\"column\" data-e-type=\"column\">\n\t\t\t<div class=\"elementor-widget-wrap elementor-element-populated\">\n\t\t\t\t\t\t<div class=\"elementor-element elementor-element-4ddc9297 elementor-widget elementor-widget-google_maps\" data-id=\"4ddc9297\" data-element_type=\"widget\" data-e-type=\"widget\" data-widget_type=\"google_maps.default\">\n\t\t\t\t<div class=\"elementor-widget-container\">\n\t\t\t\t\t\t\t<div class=\"elementor-custom-embed\">\n\t\t\t<iframe loading=\"lazy\"\n\t\t\t\t\tsrc=\"https:\/\/maps.google.com\/maps?q=rb%20izol&#038;t=m&#038;z=14&#038;output=embed&#038;iwloc=near\"\n\t\t\t\t\ttitle=\"rb izol\"\n\t\t\t\t\taria-label=\"rb izol\"\n\t\t\t><\/iframe>\n\t\t<\/div>\n\t\t\t\t\t\t<\/div>\n\t\t\t\t<\/div>\n\t\t\t\t\t<\/div>\n\t\t<\/div>\n\t\t\t\t\t<\/div>\n\t\t<\/section>\n\t\t\t\t<section class=\"elementor-section elementor-inner-section elementor-element elementor-element-121d2a65 elementor-section-boxed elementor-section-height-default elementor-section-height-default\" data-id=\"121d2a65\" data-element_type=\"section\" data-e-type=\"section\" data-settings=\"{&quot;background_background&quot;:&quot;classic&quot;}\">\n\t\t\t\t\t\t<div class=\"elementor-container elementor-column-gap-default\">\n\t\t\t\t\t<div class=\"elementor-column elementor-col-25 elementor-inner-column elementor-element elementor-element-37c1f19a\" data-id=\"37c1f19a\" data-element_type=\"column\" data-e-type=\"column\">\n\t\t\t<div class=\"elementor-widget-wrap elementor-element-populated\">\n\t\t\t\t\t\t<div class=\"elementor-element elementor-element-bfa54b4 elementor-widget elementor-widget-text-editor\" data-id=\"bfa54b4\" data-element_type=\"widget\" data-e-type=\"widget\" data-widget_type=\"text-editor.default\">\n\t\t\t\t<div class=\"elementor-widget-container\">\n\t\t\t\t\t\t\t\t\t<span style=\"color: #ffffff;\"><a style=\"color: #ffffff;\" href=\"https:\/\/rbsanace.cz\/index.php\/o-spolecnosti\/\">O spole\u010dnosti<\/a><\/span>\n<br>\n<a href=\"https:\/\/rbsanace.cz\/index.php\/produkty-a-sluzby\/\"><span style=\"color: #ffffff;\">Produkty a slu\u017eby<\/span><\/a>\n<br>\n<span style=\"color: #ffffff;\"><a style=\"color: #ffffff;\" href=\"https:\/\/rbsanace.cz\/index.php\/reference\/\">Reference<\/a><\/span>\n<br>\n<span style=\"color: #ffffff;\"><a style=\"color: #ffffff;\" href=\"https:\/\/rbsanace.cz\/index.php\/kontakt\/\">Kontakt<\/a><\/span>\t\t\t\t\t\t\t\t<\/div>\n\t\t\t\t<\/div>\n\t\t\t\t\t<\/div>\n\t\t<\/div>\n\t\t\t\t<div class=\"elementor-column elementor-col-25 elementor-inner-column elementor-element elementor-element-2c4de29b\" data-id=\"2c4de29b\" data-element_type=\"column\" data-e-type=\"column\">\n\t\t\t<div class=\"elementor-widget-wrap elementor-element-populated\">\n\t\t\t\t\t\t<div class=\"elementor-element elementor-element-2f748291 elementor-widget elementor-widget-text-editor\" data-id=\"2f748291\" data-element_type=\"widget\" data-e-type=\"widget\" data-widget_type=\"text-editor.default\">\n\t\t\t\t<div class=\"elementor-widget-container\">\n\t\t\t\t\t\t\t\t\t<span style=\"color: #ffffff;\"><a style=\"color: #ffffff;\" href=\"https:\/\/rbsanace.cz\/index.php\/produkty-a-sluzby\/sanace-betonovych-konstrukci\/\">Sanace betonov\u00fdch konstrukc\u00ed<\/a><\/span>\n<br>\n<span style=\"color: #ffffff;\"><a style=\"color: #ffffff;\" href=\"https:\/\/rbsanace.cz\/index.php\/produkty-a-sluzby\/sanace-vlhkeho-zdiva\/\">Sanace vlhk\u00e9ho zdiva<\/a><\/span>\n<br>\n<span style=\"color: #ffffff;\"><a style=\"color: #ffffff;\" href=\"https:\/\/rbsanace.cz\/index.php\/produkty-a-sluzby\/hydroizolace-stavebni-chemii\/\">Hydroizolace stavebn\u00ed chemi\u00ed<\/a><\/span>\n<br>\n<span style=\"color: #ffffff;\"><a style=\"color: #ffffff;\" href=\"https:\/\/rbsanace.cz\/index.php\/produkty-a-sluzby\/tryskani-vodnim-paprskem-a-piskem\/\">Trysk\u00e1n\u00ed vodn\u00edm paprskem a p\u00edskem<\/a><\/span>\t\t\t\t\t\t\t\t<\/div>\n\t\t\t\t<\/div>\n\t\t\t\t\t<\/div>\n\t\t<\/div>\n\t\t\t\t<div class=\"elementor-column elementor-col-25 elementor-inner-column elementor-element elementor-element-4b63db6f\" data-id=\"4b63db6f\" data-element_type=\"column\" data-e-type=\"column\">\n\t\t\t<div class=\"elementor-widget-wrap elementor-element-populated\">\n\t\t\t\t\t\t<div class=\"elementor-element elementor-element-6656cf92 elementor-widget elementor-widget-text-editor\" data-id=\"6656cf92\" data-element_type=\"widget\" data-e-type=\"widget\" data-widget_type=\"text-editor.default\">\n\t\t\t\t<div class=\"elementor-widget-container\">\n\t\t\t\t\t\t\t\t\t<span style=\"color: #f0f0f0;\">Robert Barton\u00edk<\/span>\n<br>\n<span style=\"color: #f0f0f0;\">jednatel<\/span>\n<br>\n<span style=\"color: #f0f0f0;\">+420 608 854 253<\/span>\n<br>\n<span style=\"color: #f0f0f0;\">bartonik@rbsanace.cz<\/span>\t\t\t\t\t\t\t\t<\/div>\n\t\t\t\t<\/div>\n\t\t\t\t\t<\/div>\n\t\t<\/div>\n\t\t\t\t<div class=\"elementor-column elementor-col-25 elementor-inner-column elementor-element elementor-element-449bd159\" data-id=\"449bd159\" data-element_type=\"column\" data-e-type=\"column\">\n\t\t\t<div class=\"elementor-widget-wrap elementor-element-populated\">\n\t\t\t\t\t\t<div class=\"elementor-element elementor-element-671a15d6 elementor-widget elementor-widget-text-editor\" data-id=\"671a15d6\" data-element_type=\"widget\" data-e-type=\"widget\" data-widget_type=\"text-editor.default\">\n\t\t\t\t<div class=\"elementor-widget-container\">\n\t\t\t\t\t\t\t\t\tRB sanace s.r.o.\n<br>\nNa Kopci 327\/3a\n<br>\nHav\u00ed\u0159ov &#8211; Doln\u00ed Such\u00e1\n<br>\n735 64\t\t\t\t\t\t\t\t<\/div>\n\t\t\t\t<\/div>\n\t\t\t\t\t<\/div>\n\t\t<\/div>\n\t\t\t\t\t<\/div>\n\t\t<\/section>\n\t\t\t\t<section class=\"elementor-section elementor-top-section elementor-element elementor-element-6f6ad4a elementor-section-boxed elementor-section-height-default elementor-section-height-default\" data-id=\"6f6ad4a\" data-element_type=\"section\" data-e-type=\"section\">\n\t\t\t\t\t\t<div class=\"elementor-container elementor-column-gap-default\">\n\t\t\t\t\t<div class=\"elementor-column elementor-col-100 elementor-top-column elementor-element elementor-element-dc7ef59\" data-id=\"dc7ef59\" data-element_type=\"column\" data-e-type=\"column\">\n\t\t\t<div class=\"elementor-widget-wrap elementor-element-populated\">\n\t\t\t\t\t\t<div class=\"elementor-element elementor-element-f9eb7da elementor-widget elementor-widget-html\" data-id=\"f9eb7da\" data-element_type=\"widget\" data-e-type=\"widget\" data-widget_type=\"html.default\">\n\t\t\t\t<div class=\"elementor-widget-container\">\n\t\t\t\t\t<script>\nvar btn = document.querySelector('#btn-menu');\n    var menu = document.querySelector(\"#menu\");\n    btn.addEventListener(\"click\", function() {\n    if (menu.style.display === \"block\") {\n    menu.style.display = \"none\";\n    } else {\n    menu.style.display = \"block\";\n    }\n    });\n<\/script> \t\t\t\t<\/div>\n\t\t\t\t<\/div>\n\t\t\t\t\t<\/div>\n\t\t<\/div>\n\t\t\t\t\t<\/div>\n\t\t<\/section>\n\t\t\t\t<\/div>\n\t\t","protected":false},"excerpt":{"rendered":"<p>O spole\u010dnostiProdukty a&nbsp;slu\u017eby Reference Kontakt TORKRET &#8211;ST\u0158\u00cdKAN\u00ddBETON Podstatou v\u0161ech sana\u010dn\u00edch prac\u00ed je vr\u00e1cen\u00ed naru\u0161en\u00e9 konstrukci p\u016fvodn\u00ed vlastnosti, pop\u0159. jejich zv\u00fd\u0161en\u00ed.Z\u00e1kladem \u00faspe\u0161n\u00e9 sanace je v\u017edy dokonal\u00e1 a pe\u010dliv\u00e1 p\u0159\u00edprava. Klademe d\u016fraz na dodr\u017eov\u00e1n\u00ed technologick\u00e9ho postupu v pr\u016fb\u011bhu cel\u00e9 realizace. D\u016fle\u017eitou sou\u010d\u00e1st\u00ed realizace je spr\u00e1vn\u00fd v\u00fdb\u011br materi\u00e1l\u016f pro sanaci a ochranu konstrukc\u00ed. Pou\u017e\u00edv\u00e1me produkty sv\u011btozn\u00e1m\u00fdch firem (napr.&hellip; <a class=\"more-link\" href=\"https:\/\/rbsanace.cz\/index.php\/produkty-a-sluzby\/torkret-strikany-beton\/\">Pokra\u010dovat ve\u00a0\u010dten\u00ed <span class=\"screen-reader-text\">Torkret &#8211; st\u0159\u00edkan\u00fd beton<\/span><\/a><\/p>\n","protected":false},"author":2,"featured_media":0,"parent":59,"menu_order":4,"comment_status":"closed","ping_status":"closed","template":"elementor_canvas","meta":{"footnotes":""},"class_list":["post-87","page","type-page","status-publish","hentry","entry"],"_links":{"self":[{"href":"https:\/\/rbsanace.cz\/index.php\/wp-json\/wp\/v2\/pages\/87","targetHints":{"allow":["GET"]}}],"collection":[{"href":"https:\/\/rbsanace.cz\/index.php\/wp-json\/wp\/v2\/pages"}],"about":[{"href":"https:\/\/rbsanace.cz\/index.php\/wp-json\/wp\/v2\/types\/page"}],"author":[{"embeddable":true,"href":"https:\/\/rbsanace.cz\/index.php\/wp-json\/wp\/v2\/users\/2"}],"replies":[{"embeddable":true,"href":"https:\/\/rbsanace.cz\/index.php\/wp-json\/wp\/v2\/comments?post=87"}],"version-history":[{"count":0,"href":"https:\/\/rbsanace.cz\/index.php\/wp-json\/wp\/v2\/pages\/87\/revisions"}],"up":[{"embeddable":true,"href":"https:\/\/rbsanace.cz\/index.php\/wp-json\/wp\/v2\/pages\/59"}],"wp:attachment":[{"href":"https:\/\/rbsanace.cz\/index.php\/wp-json\/wp\/v2\/media?parent=87"}],"curies":[{"name":"wp","href":"https:\/\/api.w.org\/{rel}","templated":true}]}}