{"id":61,"date":"2022-01-03T21:15:50","date_gmt":"2022-01-03T20:15:50","guid":{"rendered":"https:\/\/rbsanace.cz\/?page_id=61"},"modified":"2022-01-13T18:14:19","modified_gmt":"2022-01-13T17:14:19","slug":"sanace-vlhkeho-zdiva","status":"publish","type":"page","link":"https:\/\/rbsanace.cz\/index.php\/produkty-a-sluzby\/sanace-vlhkeho-zdiva\/","title":{"rendered":"Sanace vlhk\u00e9ho zdiva"},"content":{"rendered":"\t\t<div data-elementor-type=\"wp-page\" data-elementor-id=\"61\" class=\"elementor elementor-61\">\n\t\t\t\t\t\t<section class=\"elementor-section elementor-top-section elementor-element elementor-element-167a2bd2 elementor-hidden-widescreen elementor-hidden-desktop elementor-hidden-tablet_extra elementor-hidden-tablet elementor-section-boxed elementor-section-height-default elementor-section-height-default\" data-id=\"167a2bd2\" data-element_type=\"section\" data-e-type=\"section\">\n\t\t\t\t\t\t<div class=\"elementor-container elementor-column-gap-default\">\n\t\t\t\t\t<div class=\"elementor-column elementor-col-50 elementor-top-column elementor-element elementor-element-4c32e22\" data-id=\"4c32e22\" data-element_type=\"column\" data-e-type=\"column\">\n\t\t\t<div class=\"elementor-widget-wrap elementor-element-populated\">\n\t\t\t\t\t\t<div class=\"elementor-element elementor-element-354fc6a9 elementor-widget elementor-widget-image\" data-id=\"354fc6a9\" data-element_type=\"widget\" data-e-type=\"widget\" data-widget_type=\"image.default\">\n\t\t\t\t<div class=\"elementor-widget-container\">\n\t\t\t\t\t\t\t\t\t\t\t\t\t\t\t\t<a href=\"https:\/\/rbsanace.cz\/index.php\/hlavni-stranka\">\n\t\t\t\t\t\t\t<img fetchpriority=\"high\" decoding=\"async\" width=\"750\" height=\"80\" src=\"https:\/\/rbsanace.cz\/wp-content\/uploads\/2022\/01\/logo_RB_sanace-1024x109.png\" class=\"attachment-large size-large wp-image-131\" alt=\"\" srcset=\"https:\/\/rbsanace.cz\/wp-content\/uploads\/2022\/01\/logo_RB_sanace-1024x109.png 1024w, https:\/\/rbsanace.cz\/wp-content\/uploads\/2022\/01\/logo_RB_sanace-300x32.png 300w, https:\/\/rbsanace.cz\/wp-content\/uploads\/2022\/01\/logo_RB_sanace-768x81.png 768w, https:\/\/rbsanace.cz\/wp-content\/uploads\/2022\/01\/logo_RB_sanace.png 1066w\" sizes=\"(max-width: 750px) 100vw, 750px\" style=\"width:100%;height:10.6%;max-width:1066px\" \/>\t\t\t\t\t\t\t\t<\/a>\n\t\t\t\t\t\t\t\t\t\t\t\t\t\t\t<\/div>\n\t\t\t\t<\/div>\n\t\t\t\t\t<\/div>\n\t\t<\/div>\n\t\t\t\t<div class=\"elementor-column elementor-col-50 elementor-top-column elementor-element elementor-element-475d4d7f\" data-id=\"475d4d7f\" data-element_type=\"column\" data-e-type=\"column\">\n\t\t\t<div class=\"elementor-widget-wrap elementor-element-populated\">\n\t\t\t\t\t\t<div class=\"elementor-element elementor-element-55363493 elementor-hidden-widescreen elementor-hidden-desktop elementor-hidden-tablet_extra elementor-widget elementor-widget-button\" data-id=\"55363493\" data-element_type=\"widget\" data-e-type=\"widget\" data-widget_type=\"button.default\">\n\t\t\t\t<div class=\"elementor-widget-container\">\n\t\t\t\t\t\t\t\t\t<div class=\"elementor-button-wrapper\">\n\t\t\t\t\t<a class=\"elementor-button elementor-button-link elementor-size-sm\" href=\"#\" id=\"btn-menu\">\n\t\t\t\t\t\t<span class=\"elementor-button-content-wrapper\">\n\t\t\t\t\t\t<span class=\"elementor-button-icon\">\n\t\t\t\t<i aria-hidden=\"true\" class=\"fas fa-bars\"><\/i>\t\t\t<\/span>\n\t\t\t\t\t\t\t\t<\/span>\n\t\t\t\t\t<\/a>\n\t\t\t\t<\/div>\n\t\t\t\t\t\t\t\t<\/div>\n\t\t\t\t<\/div>\n\t\t\t\t\t<\/div>\n\t\t<\/div>\n\t\t\t\t\t<\/div>\n\t\t<\/section>\n\t\t\t\t<section class=\"elementor-section elementor-inner-section elementor-element elementor-element-c75f6d6 elementor-hidden-mobile elementor-section-boxed elementor-section-height-default elementor-section-height-default\" data-id=\"c75f6d6\" data-element_type=\"section\" data-e-type=\"section\" id=\"menu\" data-settings=\"{&quot;background_background&quot;:&quot;classic&quot;}\">\n\t\t\t\t\t\t<div class=\"elementor-container elementor-column-gap-default\">\n\t\t\t\t\t<div class=\"elementor-column elementor-col-20 elementor-inner-column elementor-element elementor-element-32926acb\" data-id=\"32926acb\" data-element_type=\"column\" data-e-type=\"column\">\n\t\t\t<div class=\"elementor-widget-wrap elementor-element-populated\">\n\t\t\t\t\t\t<div class=\"elementor-element elementor-element-72bb4ea8 elementor-hidden-mobile elementor-widget elementor-widget-image\" data-id=\"72bb4ea8\" data-element_type=\"widget\" data-e-type=\"widget\" data-widget_type=\"image.default\">\n\t\t\t\t<div class=\"elementor-widget-container\">\n\t\t\t\t\t\t\t\t\t\t\t\t\t\t\t\t<a href=\"https:\/\/rbsanace.cz\/index.php\/hlavni-stranka\">\n\t\t\t\t\t\t\t<img fetchpriority=\"high\" decoding=\"async\" width=\"750\" height=\"80\" src=\"https:\/\/rbsanace.cz\/wp-content\/uploads\/2022\/01\/logo_RB_sanace-1024x109.png\" class=\"attachment-large size-large wp-image-131\" alt=\"\" srcset=\"https:\/\/rbsanace.cz\/wp-content\/uploads\/2022\/01\/logo_RB_sanace-1024x109.png 1024w, https:\/\/rbsanace.cz\/wp-content\/uploads\/2022\/01\/logo_RB_sanace-300x32.png 300w, https:\/\/rbsanace.cz\/wp-content\/uploads\/2022\/01\/logo_RB_sanace-768x81.png 768w, https:\/\/rbsanace.cz\/wp-content\/uploads\/2022\/01\/logo_RB_sanace.png 1066w\" sizes=\"(max-width: 750px) 100vw, 750px\" style=\"width:100%;height:10.6%;max-width:1066px\" \/>\t\t\t\t\t\t\t\t<\/a>\n\t\t\t\t\t\t\t\t\t\t\t\t\t\t\t<\/div>\n\t\t\t\t<\/div>\n\t\t\t\t\t<\/div>\n\t\t<\/div>\n\t\t\t\t<div class=\"elementor-column elementor-col-20 elementor-inner-column elementor-element elementor-element-7205ead9\" data-id=\"7205ead9\" data-element_type=\"column\" data-e-type=\"column\">\n\t\t\t<div class=\"elementor-widget-wrap elementor-element-populated\">\n\t\t\t\t\t\t<div class=\"elementor-element elementor-element-394d51f1 elementor-widget elementor-widget-text-editor\" data-id=\"394d51f1\" data-element_type=\"widget\" data-e-type=\"widget\" data-widget_type=\"text-editor.default\">\n\t\t\t\t<div class=\"elementor-widget-container\">\n\t\t\t\t\t\t\t\t\t<a href=\"https:\/\/rbsanace.cz\/index.php\/o-spolecnosti\/\"><span style=\"color: #9d9d9c;\">O spole\u010dnosti<\/span><\/a>\t\t\t\t\t\t\t\t<\/div>\n\t\t\t\t<\/div>\n\t\t\t\t\t<\/div>\n\t\t<\/div>\n\t\t\t\t<div class=\"elementor-column elementor-col-20 elementor-inner-column elementor-element elementor-element-1ce8d0fc\" data-id=\"1ce8d0fc\" data-element_type=\"column\" data-e-type=\"column\">\n\t\t\t<div class=\"elementor-widget-wrap elementor-element-populated\">\n\t\t\t\t\t\t<div class=\"elementor-element elementor-element-47cdec88 elementor-widget elementor-widget-text-editor\" data-id=\"47cdec88\" data-element_type=\"widget\" data-e-type=\"widget\" data-widget_type=\"text-editor.default\">\n\t\t\t\t<div class=\"elementor-widget-container\">\n\t\t\t\t\t\t\t\t\t<a href=\"https:\/\/rbsanace.cz\/index.php\/produkty-a-sluzby\/\"><span style=\"color: #9d9d9c;\">Produkty a&nbsp;slu\u017eby<\/span><\/a>\t\t\t\t\t\t\t\t<\/div>\n\t\t\t\t<\/div>\n\t\t\t\t\t<\/div>\n\t\t<\/div>\n\t\t\t\t<div class=\"elementor-column elementor-col-20 elementor-inner-column elementor-element elementor-element-2441b6f6\" data-id=\"2441b6f6\" data-element_type=\"column\" data-e-type=\"column\">\n\t\t\t<div class=\"elementor-widget-wrap elementor-element-populated\">\n\t\t\t\t\t\t<div class=\"elementor-element elementor-element-6876f929 elementor-widget elementor-widget-text-editor\" data-id=\"6876f929\" data-element_type=\"widget\" data-e-type=\"widget\" data-widget_type=\"text-editor.default\">\n\t\t\t\t<div class=\"elementor-widget-container\">\n\t\t\t\t\t\t\t\t\t<p><a href=\"https:\/\/rbsanace.cz\/index.php\/reference\/\" data-wplink-url-error=\"true\"><span style=\"color: #9d9d9c;\">Reference<\/span><\/a><\/p>\t\t\t\t\t\t\t\t<\/div>\n\t\t\t\t<\/div>\n\t\t\t\t\t<\/div>\n\t\t<\/div>\n\t\t\t\t<div class=\"elementor-column elementor-col-20 elementor-inner-column elementor-element elementor-element-623194f5\" data-id=\"623194f5\" data-element_type=\"column\" data-e-type=\"column\">\n\t\t\t<div class=\"elementor-widget-wrap elementor-element-populated\">\n\t\t\t\t\t\t<div class=\"elementor-element elementor-element-16e3713 elementor-widget elementor-widget-text-editor\" data-id=\"16e3713\" data-element_type=\"widget\" data-e-type=\"widget\" data-widget_type=\"text-editor.default\">\n\t\t\t\t<div class=\"elementor-widget-container\">\n\t\t\t\t\t\t\t\t\t<p><a href=\"https:\/\/rbsanace.cz\/index.php\/kontakt\/\" data-wplink-url-error=\"true\"><span style=\"color: #9d9d9c;\">Kontakt<\/span><\/a><\/p>\t\t\t\t\t\t\t\t<\/div>\n\t\t\t\t<\/div>\n\t\t\t\t\t<\/div>\n\t\t<\/div>\n\t\t\t\t\t<\/div>\n\t\t<\/section>\n\t\t\t\t<section class=\"elementor-section elementor-top-section elementor-element elementor-element-b26f0f5 elementor-section-stretched elementor-section-boxed elementor-section-height-default elementor-section-height-default\" data-id=\"b26f0f5\" data-element_type=\"section\" data-e-type=\"section\" data-settings=\"{&quot;stretch_section&quot;:&quot;section-stretched&quot;}\">\n\t\t\t\t\t\t<div class=\"elementor-container elementor-column-gap-default\">\n\t\t\t\t\t<div class=\"elementor-column elementor-col-100 elementor-top-column elementor-element elementor-element-1be6e4b\" data-id=\"1be6e4b\" data-element_type=\"column\" data-e-type=\"column\">\n\t\t\t<div class=\"elementor-widget-wrap elementor-element-populated\">\n\t\t\t\t\t\t<section class=\"elementor-section elementor-inner-section elementor-element elementor-element-0fab3c3 elementor-section-boxed elementor-section-height-default elementor-section-height-default\" data-id=\"0fab3c3\" data-element_type=\"section\" data-e-type=\"section\">\n\t\t\t\t\t\t<div class=\"elementor-container elementor-column-gap-no\">\n\t\t\t\t\t<div class=\"elementor-column elementor-col-66 elementor-inner-column elementor-element elementor-element-577169f\" data-id=\"577169f\" data-element_type=\"column\" data-e-type=\"column\">\n\t\t\t<div class=\"elementor-widget-wrap elementor-element-populated\">\n\t\t\t\t\t\t<div class=\"elementor-element elementor-element-e869630 elementor-widget-mobile__width-inherit elementor-widget elementor-widget-heading\" data-id=\"e869630\" data-element_type=\"widget\" data-e-type=\"widget\" data-widget_type=\"heading.default\">\n\t\t\t\t<div class=\"elementor-widget-container\">\n\t\t\t\t\t<h1 class=\"elementor-heading-title elementor-size-default\">SANACE<br>VLHK\u00c9HO<br>ZDIVA<\/h1>\t\t\t\t<\/div>\n\t\t\t\t<\/div>\n\t\t\t\t\t<\/div>\n\t\t<\/div>\n\t\t\t\t<div class=\"elementor-column elementor-col-33 elementor-inner-column elementor-element elementor-element-b5fe0a3\" data-id=\"b5fe0a3\" data-element_type=\"column\" data-e-type=\"column\">\n\t\t\t<div class=\"elementor-widget-wrap elementor-element-populated\">\n\t\t\t\t\t\t<div class=\"elementor-element elementor-element-446f335 elementor-widget elementor-widget-text-editor\" data-id=\"446f335\" data-element_type=\"widget\" data-e-type=\"widget\" data-widget_type=\"text-editor.default\">\n\t\t\t\t<div class=\"elementor-widget-container\">\n\t\t\t\t\t\t\t\t\t<span style=\"color: #c00d0d;\"><a style=\"color: #c00d0d;\" href=\"https:\/\/rbsanace.cz\/index.php\/produkty-a-sluzby\/sanace-betonovych-konstrukci\/\">Sanace<\/a><\/span><br>\n<span style=\"color: #c00d0d;\"><a style=\"color: #c00d0d;\" href=\"https:\/\/rbsanace.cz\/index.php\/produkty-a-sluzby\/hydroizolace-stavebni-chemii\/\">Hydroizolace<\/a><\/span><br>\n<span style=\"color: #c00d0d;\"><a style=\"color: #c00d0d;\" href=\"https:\/\/rbsanace.cz\/index.php\/produkty-a-sluzby\/tryskani-vodnim-paprskem-a-piskem\/\">Trysk\u00e1n\u00ed<\/a><\/span><br>\n<span style=\"color: #c00d0d;\"><a style=\"color: #c00d0d;\" href=\"https:\/\/rbsanace.cz\/index.php\/produkty-a-sluzby\/torkret-strikany-beton\/\">Torkret<\/a><\/span>\t\t\t\t\t\t\t\t<\/div>\n\t\t\t\t<\/div>\n\t\t\t\t<div class=\"elementor-element elementor-element-fcb10f1 elementor-widget elementor-widget-text-editor\" data-id=\"fcb10f1\" data-element_type=\"widget\" data-e-type=\"widget\" data-widget_type=\"text-editor.default\">\n\t\t\t\t<div class=\"elementor-widget-container\">\n\t\t\t\t\t\t\t\t\tSpole\u010dnost <span style=\"color: #c00d0d;\">RB\u00a0sanace<\/span> vznikla v\u00a0roce\u00a01998 sdru\u017een\u00edm dvou osob OSV\u010c. Kl\u00ed\u010dov\u00e9 obdob\u00ed pro\u00a0n\u00e1s nastalo v\u00a0roce 2004, kdy jsme za\u010dali spolupracovat s\u00a0v\u00fdznamn\u00fdmi v\u00fdrobci stavebn\u00ed chemie a\u00a0tuto spolupr\u00e1ci st\u00e1le udr\u017eujeme a\u00a0sna\u017e\u00edme se ji d\u00e1le roz\u0161i\u0159ovat. D\u00edky t\u011bmto zku\u0161enostem V\u00e1m m\u016f\u017eeme nab\u00eddnout velice kvalitn\u00ed produkty. Na\u0161e pr\u00e1ce jsou prov\u011b\u0159eny na\u00a0stovk\u00e1ch staveb realizovan\u00fdch od\u00a0vzniku na\u0161\u00ed spole\u010dnosti hlavn\u011b v\u00a0okol\u00ed Ostravy, d\u00e1le po\u00a0cel\u00e9 \u010cesk\u00e9 republice a\u00a0na\u00a0Slovensku. Od\u00a0z\u00e1\u0159\u00ed roku 2011 je spole\u010dnost vedena jako <span style=\"color: #c00d0d;\">RB <\/span><span style=\"color: #c00d0d;\">sanace\u00a0s.r.o. <\/span>\n<br>\n<br>\nT\u011b\u0161\u00edme se na spolupr\u00e1ci s\u00a0v\u00e1mi.\t\t\t\t\t\t\t\t<\/div>\n\t\t\t\t<\/div>\n\t\t\t\t\t<\/div>\n\t\t<\/div>\n\t\t\t\t\t<\/div>\n\t\t<\/section>\n\t\t\t\t\t<\/div>\n\t\t<\/div>\n\t\t\t\t\t<\/div>\n\t\t<\/section>\n\t\t\t\t<section class=\"elementor-section elementor-top-section elementor-element elementor-element-5db654f elementor-section-boxed elementor-section-height-default elementor-section-height-default\" data-id=\"5db654f\" data-element_type=\"section\" data-e-type=\"section\">\n\t\t\t\t\t\t<div class=\"elementor-container elementor-column-gap-default\">\n\t\t\t\t\t<div class=\"elementor-column elementor-col-100 elementor-top-column elementor-element elementor-element-6ae0ae47\" data-id=\"6ae0ae47\" data-element_type=\"column\" data-e-type=\"column\">\n\t\t\t<div class=\"elementor-widget-wrap elementor-element-populated\">\n\t\t\t\t\t\t<div class=\"elementor-element elementor-element-1b33145c elementor-widget elementor-widget-google_maps\" data-id=\"1b33145c\" data-element_type=\"widget\" data-e-type=\"widget\" data-widget_type=\"google_maps.default\">\n\t\t\t\t<div class=\"elementor-widget-container\">\n\t\t\t\t\t\t\t<div class=\"elementor-custom-embed\">\n\t\t\t<iframe loading=\"lazy\"\n\t\t\t\t\tsrc=\"https:\/\/maps.google.com\/maps?q=rb%20izol&#038;t=m&#038;z=14&#038;output=embed&#038;iwloc=near\"\n\t\t\t\t\ttitle=\"rb izol\"\n\t\t\t\t\taria-label=\"rb izol\"\n\t\t\t><\/iframe>\n\t\t<\/div>\n\t\t\t\t\t\t<\/div>\n\t\t\t\t<\/div>\n\t\t\t\t\t<\/div>\n\t\t<\/div>\n\t\t\t\t\t<\/div>\n\t\t<\/section>\n\t\t\t\t<section class=\"elementor-section elementor-inner-section elementor-element elementor-element-3ada47f0 elementor-section-boxed elementor-section-height-default elementor-section-height-default\" data-id=\"3ada47f0\" data-element_type=\"section\" data-e-type=\"section\" data-settings=\"{&quot;background_background&quot;:&quot;classic&quot;}\">\n\t\t\t\t\t\t<div class=\"elementor-container elementor-column-gap-default\">\n\t\t\t\t\t<div class=\"elementor-column elementor-col-25 elementor-inner-column elementor-element elementor-element-39e97733\" data-id=\"39e97733\" data-element_type=\"column\" data-e-type=\"column\">\n\t\t\t<div class=\"elementor-widget-wrap elementor-element-populated\">\n\t\t\t\t\t\t<div class=\"elementor-element elementor-element-1ea97009 elementor-widget elementor-widget-text-editor\" data-id=\"1ea97009\" data-element_type=\"widget\" data-e-type=\"widget\" data-widget_type=\"text-editor.default\">\n\t\t\t\t<div class=\"elementor-widget-container\">\n\t\t\t\t\t\t\t\t\t<span style=\"color: #ffffff;\"><a style=\"color: #ffffff;\" href=\"https:\/\/rbsanace.cz\/index.php\/o-spolecnosti\/\">O spole\u010dnosti<\/a><\/span>\n<br>\n<a href=\"https:\/\/rbsanace.cz\/index.php\/produkty-a-sluzby\/\"><span style=\"color: #ffffff;\">Produkty a slu\u017eby<\/span><\/a>\n<br>\n<span style=\"color: #ffffff;\"><a style=\"color: #ffffff;\" href=\"https:\/\/rbsanace.cz\/index.php\/reference\/\">Reference<\/a><\/span>\n<br>\n<span style=\"color: #ffffff;\"><a style=\"color: #ffffff;\" href=\"https:\/\/rbsanace.cz\/index.php\/kontakt\/\">Kontakt<\/a><\/span>\t\t\t\t\t\t\t\t<\/div>\n\t\t\t\t<\/div>\n\t\t\t\t\t<\/div>\n\t\t<\/div>\n\t\t\t\t<div class=\"elementor-column elementor-col-25 elementor-inner-column elementor-element elementor-element-6aeaca8f\" data-id=\"6aeaca8f\" data-element_type=\"column\" data-e-type=\"column\">\n\t\t\t<div class=\"elementor-widget-wrap elementor-element-populated\">\n\t\t\t\t\t\t<div class=\"elementor-element elementor-element-69b7cad8 elementor-widget elementor-widget-text-editor\" data-id=\"69b7cad8\" data-element_type=\"widget\" data-e-type=\"widget\" data-widget_type=\"text-editor.default\">\n\t\t\t\t<div class=\"elementor-widget-container\">\n\t\t\t\t\t\t\t\t\t<span style=\"color: #ffffff;\"><a style=\"color: #ffffff;\" href=\"https:\/\/rbsanace.cz\/index.php\/produkty-a-sluzby\/sanace-betonovych-konstrukci\/\">Sanace betonov\u00fdch konstrukc\u00ed<\/a><\/span>\n<br>\n<span style=\"color: #ffffff;\"><a style=\"color: #ffffff;\" href=\"https:\/\/rbsanace.cz\/index.php\/produkty-a-sluzby\/sanace-vlhkeho-zdiva\/\">Sanace vlhk\u00e9ho zdiva<\/a><\/span>\n<br>\n<span style=\"color: #ffffff;\"><a style=\"color: #ffffff;\" href=\"https:\/\/rbsanace.cz\/index.php\/produkty-a-sluzby\/hydroizolace-stavebni-chemii\/\">Hydroizolace stavebn\u00ed chemi\u00ed<\/a><\/span>\n<br>\n<span style=\"color: #ffffff;\"><a style=\"color: #ffffff;\" href=\"https:\/\/rbsanace.cz\/index.php\/produkty-a-sluzby\/tryskani-vodnim-paprskem-a-piskem\/\">Trysk\u00e1n\u00ed vodn\u00edm paprskem a p\u00edskem<\/a><\/span>\t\t\t\t\t\t\t\t<\/div>\n\t\t\t\t<\/div>\n\t\t\t\t\t<\/div>\n\t\t<\/div>\n\t\t\t\t<div class=\"elementor-column elementor-col-25 elementor-inner-column elementor-element elementor-element-1be7f17d\" data-id=\"1be7f17d\" data-element_type=\"column\" data-e-type=\"column\">\n\t\t\t<div class=\"elementor-widget-wrap elementor-element-populated\">\n\t\t\t\t\t\t<div class=\"elementor-element elementor-element-2cdf6109 elementor-widget elementor-widget-text-editor\" data-id=\"2cdf6109\" data-element_type=\"widget\" data-e-type=\"widget\" data-widget_type=\"text-editor.default\">\n\t\t\t\t<div class=\"elementor-widget-container\">\n\t\t\t\t\t\t\t\t\t<span style=\"color: #f0f0f0;\">Robert Barton\u00edk<\/span>\n<br>\n<span style=\"color: #f0f0f0;\">jednatel<\/span>\n<br>\n<span style=\"color: #f0f0f0;\">+420 608 854 253<\/span>\n<br>\n<span style=\"color: #f0f0f0;\">bartonik@rbsanace.cz<\/span>\t\t\t\t\t\t\t\t<\/div>\n\t\t\t\t<\/div>\n\t\t\t\t\t<\/div>\n\t\t<\/div>\n\t\t\t\t<div class=\"elementor-column elementor-col-25 elementor-inner-column elementor-element elementor-element-7da88c2e\" data-id=\"7da88c2e\" data-element_type=\"column\" data-e-type=\"column\">\n\t\t\t<div class=\"elementor-widget-wrap elementor-element-populated\">\n\t\t\t\t\t\t<div class=\"elementor-element elementor-element-75350ead elementor-widget elementor-widget-text-editor\" data-id=\"75350ead\" data-element_type=\"widget\" data-e-type=\"widget\" data-widget_type=\"text-editor.default\">\n\t\t\t\t<div class=\"elementor-widget-container\">\n\t\t\t\t\t\t\t\t\tRB sanace s.r.o.\n<br>\nNa Kopci 327\/3a\n<br>\nHav\u00ed\u0159ov &#8211; Doln\u00ed Such\u00e1\n<br>\n735 64\t\t\t\t\t\t\t\t<\/div>\n\t\t\t\t<\/div>\n\t\t\t\t\t<\/div>\n\t\t<\/div>\n\t\t\t\t\t<\/div>\n\t\t<\/section>\n\t\t\t\t<section class=\"elementor-section elementor-top-section elementor-element elementor-element-ed07bba elementor-section-boxed elementor-section-height-default elementor-section-height-default\" data-id=\"ed07bba\" data-element_type=\"section\" data-e-type=\"section\">\n\t\t\t\t\t\t<div class=\"elementor-container elementor-column-gap-default\">\n\t\t\t\t\t<div class=\"elementor-column elementor-col-100 elementor-top-column elementor-element elementor-element-32116b2\" data-id=\"32116b2\" data-element_type=\"column\" data-e-type=\"column\">\n\t\t\t<div class=\"elementor-widget-wrap elementor-element-populated\">\n\t\t\t\t\t\t<div class=\"elementor-element elementor-element-72e5b89 elementor-widget elementor-widget-html\" data-id=\"72e5b89\" data-element_type=\"widget\" data-e-type=\"widget\" data-widget_type=\"html.default\">\n\t\t\t\t<div class=\"elementor-widget-container\">\n\t\t\t\t\t<script>\nvar btn = document.querySelector('#btn-menu');\n    var menu = document.querySelector(\"#menu\");\n    btn.addEventListener(\"click\", function() {\n    if (menu.style.display === \"block\") {\n    menu.style.display = \"none\";\n    } else {\n    menu.style.display = \"block\";\n    }\n    });\n<\/script> \t\t\t\t<\/div>\n\t\t\t\t<\/div>\n\t\t\t\t\t<\/div>\n\t\t<\/div>\n\t\t\t\t\t<\/div>\n\t\t<\/section>\n\t\t\t\t<\/div>\n\t\t","protected":false},"excerpt":{"rendered":"<p>O spole\u010dnostiProdukty a&nbsp;slu\u017eby Reference Kontakt SANACEVLHK\u00c9HOZDIVA Sanace Hydroizolace Trysk\u00e1n\u00ed TorkretSpole\u010dnost RB\u00a0sanace vznikla v\u00a0roce\u00a01998 sdru\u017een\u00edm dvou osob OSV\u010c. Kl\u00ed\u010dov\u00e9 obdob\u00ed pro\u00a0n\u00e1s nastalo v\u00a0roce 2004, kdy jsme za\u010dali spolupracovat s\u00a0v\u00fdznamn\u00fdmi v\u00fdrobci stavebn\u00ed chemie a\u00a0tuto spolupr\u00e1ci st\u00e1le udr\u017eujeme a\u00a0sna\u017e\u00edme se ji d\u00e1le roz\u0161i\u0159ovat. D\u00edky t\u011bmto zku\u0161enostem V\u00e1m m\u016f\u017eeme nab\u00eddnout velice kvalitn\u00ed produkty. Na\u0161e pr\u00e1ce jsou prov\u011b\u0159eny na\u00a0stovk\u00e1ch staveb&hellip; <a class=\"more-link\" href=\"https:\/\/rbsanace.cz\/index.php\/produkty-a-sluzby\/sanace-vlhkeho-zdiva\/\">Pokra\u010dovat ve\u00a0\u010dten\u00ed <span class=\"screen-reader-text\">Sanace vlhk\u00e9ho zdiva<\/span><\/a><\/p>\n","protected":false},"author":2,"featured_media":0,"parent":59,"menu_order":1,"comment_status":"closed","ping_status":"closed","template":"elementor_canvas","meta":{"footnotes":""},"class_list":["post-61","page","type-page","status-publish","hentry","entry"],"_links":{"self":[{"href":"https:\/\/rbsanace.cz\/index.php\/wp-json\/wp\/v2\/pages\/61","targetHints":{"allow":["GET"]}}],"collection":[{"href":"https:\/\/rbsanace.cz\/index.php\/wp-json\/wp\/v2\/pages"}],"about":[{"href":"https:\/\/rbsanace.cz\/index.php\/wp-json\/wp\/v2\/types\/page"}],"author":[{"embeddable":true,"href":"https:\/\/rbsanace.cz\/index.php\/wp-json\/wp\/v2\/users\/2"}],"replies":[{"embeddable":true,"href":"https:\/\/rbsanace.cz\/index.php\/wp-json\/wp\/v2\/comments?post=61"}],"version-history":[{"count":0,"href":"https:\/\/rbsanace.cz\/index.php\/wp-json\/wp\/v2\/pages\/61\/revisions"}],"up":[{"embeddable":true,"href":"https:\/\/rbsanace.cz\/index.php\/wp-json\/wp\/v2\/pages\/59"}],"wp:attachment":[{"href":"https:\/\/rbsanace.cz\/index.php\/wp-json\/wp\/v2\/media?parent=61"}],"curies":[{"name":"wp","href":"https:\/\/api.w.org\/{rel}","templated":true}]}}