{"id":113,"date":"2022-01-03T23:03:43","date_gmt":"2022-01-03T22:03:43","guid":{"rendered":"https:\/\/rbsanace.cz\/?page_id=113"},"modified":"2023-03-08T11:46:13","modified_gmt":"2023-03-08T10:46:13","slug":"o-spolecnosti","status":"publish","type":"page","link":"https:\/\/rbsanace.cz\/index.php\/o-spolecnosti\/","title":{"rendered":"O spole\u010dnosti"},"content":{"rendered":"\t\t<div data-elementor-type=\"wp-page\" data-elementor-id=\"113\" class=\"elementor elementor-113\">\n\t\t\t\t\t\t<section class=\"elementor-section elementor-top-section elementor-element elementor-element-5a07b58 elementor-hidden-widescreen elementor-hidden-desktop elementor-hidden-tablet_extra elementor-hidden-tablet elementor-section-boxed elementor-section-height-default elementor-section-height-default\" data-id=\"5a07b58\" data-element_type=\"section\" data-e-type=\"section\">\n\t\t\t\t\t\t<div class=\"elementor-container elementor-column-gap-default\">\n\t\t\t\t\t<div class=\"elementor-column elementor-col-50 elementor-top-column elementor-element elementor-element-bd54847\" data-id=\"bd54847\" data-element_type=\"column\" data-e-type=\"column\">\n\t\t\t<div class=\"elementor-widget-wrap elementor-element-populated\">\n\t\t\t\t\t\t<div class=\"elementor-element elementor-element-3163766 elementor-widget elementor-widget-image\" data-id=\"3163766\" data-element_type=\"widget\" data-e-type=\"widget\" data-widget_type=\"image.default\">\n\t\t\t\t<div class=\"elementor-widget-container\">\n\t\t\t\t\t\t\t\t\t\t\t\t\t\t\t\t<a href=\"https:\/\/rbsanace.cz\/index.php\/hlavni-stranka\">\n\t\t\t\t\t\t\t<img fetchpriority=\"high\" decoding=\"async\" width=\"750\" height=\"80\" src=\"https:\/\/rbsanace.cz\/wp-content\/uploads\/2022\/01\/logo_RB_sanace-1024x109.png\" class=\"attachment-large size-large wp-image-131\" alt=\"\" srcset=\"https:\/\/rbsanace.cz\/wp-content\/uploads\/2022\/01\/logo_RB_sanace-1024x109.png 1024w, https:\/\/rbsanace.cz\/wp-content\/uploads\/2022\/01\/logo_RB_sanace-300x32.png 300w, https:\/\/rbsanace.cz\/wp-content\/uploads\/2022\/01\/logo_RB_sanace-768x81.png 768w, https:\/\/rbsanace.cz\/wp-content\/uploads\/2022\/01\/logo_RB_sanace.png 1066w\" sizes=\"(max-width: 750px) 100vw, 750px\" style=\"width:100%;height:10.6%;max-width:1066px\" \/>\t\t\t\t\t\t\t\t<\/a>\n\t\t\t\t\t\t\t\t\t\t\t\t\t\t\t<\/div>\n\t\t\t\t<\/div>\n\t\t\t\t\t<\/div>\n\t\t<\/div>\n\t\t\t\t<div class=\"elementor-column elementor-col-50 elementor-top-column elementor-element elementor-element-c1f0ed9\" data-id=\"c1f0ed9\" data-element_type=\"column\" data-e-type=\"column\">\n\t\t\t<div class=\"elementor-widget-wrap elementor-element-populated\">\n\t\t\t\t\t\t<div class=\"elementor-element elementor-element-6254650 elementor-hidden-widescreen elementor-hidden-desktop elementor-hidden-tablet_extra elementor-widget elementor-widget-button\" data-id=\"6254650\" data-element_type=\"widget\" data-e-type=\"widget\" data-widget_type=\"button.default\">\n\t\t\t\t<div class=\"elementor-widget-container\">\n\t\t\t\t\t\t\t\t\t<div class=\"elementor-button-wrapper\">\n\t\t\t\t\t<a class=\"elementor-button elementor-button-link elementor-size-sm\" href=\"#\" id=\"btn-menu\">\n\t\t\t\t\t\t<span class=\"elementor-button-content-wrapper\">\n\t\t\t\t\t\t<span class=\"elementor-button-icon\">\n\t\t\t\t<i aria-hidden=\"true\" class=\"fas fa-bars\"><\/i>\t\t\t<\/span>\n\t\t\t\t\t\t\t\t<\/span>\n\t\t\t\t\t<\/a>\n\t\t\t\t<\/div>\n\t\t\t\t\t\t\t\t<\/div>\n\t\t\t\t<\/div>\n\t\t\t\t\t<\/div>\n\t\t<\/div>\n\t\t\t\t\t<\/div>\n\t\t<\/section>\n\t\t\t\t<section class=\"elementor-section elementor-inner-section elementor-element elementor-element-6d16a2ce elementor-hidden-mobile elementor-section-boxed elementor-section-height-default elementor-section-height-default\" data-id=\"6d16a2ce\" data-element_type=\"section\" data-e-type=\"section\" id=\"menu\" data-settings=\"{&quot;background_background&quot;:&quot;classic&quot;}\">\n\t\t\t\t\t\t<div class=\"elementor-container elementor-column-gap-default\">\n\t\t\t\t\t<div class=\"elementor-column elementor-col-20 elementor-inner-column elementor-element elementor-element-35356b65\" data-id=\"35356b65\" data-element_type=\"column\" data-e-type=\"column\">\n\t\t\t<div class=\"elementor-widget-wrap elementor-element-populated\">\n\t\t\t\t\t\t<div class=\"elementor-element elementor-element-642fafc9 elementor-hidden-mobile elementor-widget elementor-widget-image\" data-id=\"642fafc9\" data-element_type=\"widget\" data-e-type=\"widget\" data-widget_type=\"image.default\">\n\t\t\t\t<div class=\"elementor-widget-container\">\n\t\t\t\t\t\t\t\t\t\t\t\t\t\t\t\t<a href=\"https:\/\/rbsanace.cz\/index.php\/hlavni-stranka\">\n\t\t\t\t\t\t\t<img fetchpriority=\"high\" decoding=\"async\" width=\"750\" height=\"80\" src=\"https:\/\/rbsanace.cz\/wp-content\/uploads\/2022\/01\/logo_RB_sanace-1024x109.png\" class=\"attachment-large size-large wp-image-131\" alt=\"\" srcset=\"https:\/\/rbsanace.cz\/wp-content\/uploads\/2022\/01\/logo_RB_sanace-1024x109.png 1024w, https:\/\/rbsanace.cz\/wp-content\/uploads\/2022\/01\/logo_RB_sanace-300x32.png 300w, https:\/\/rbsanace.cz\/wp-content\/uploads\/2022\/01\/logo_RB_sanace-768x81.png 768w, https:\/\/rbsanace.cz\/wp-content\/uploads\/2022\/01\/logo_RB_sanace.png 1066w\" sizes=\"(max-width: 750px) 100vw, 750px\" style=\"width:100%;height:10.6%;max-width:1066px\" \/>\t\t\t\t\t\t\t\t<\/a>\n\t\t\t\t\t\t\t\t\t\t\t\t\t\t\t<\/div>\n\t\t\t\t<\/div>\n\t\t\t\t\t<\/div>\n\t\t<\/div>\n\t\t\t\t<div class=\"elementor-column elementor-col-20 elementor-inner-column elementor-element elementor-element-73c28786\" data-id=\"73c28786\" data-element_type=\"column\" data-e-type=\"column\">\n\t\t\t<div class=\"elementor-widget-wrap elementor-element-populated\">\n\t\t\t\t\t\t<div class=\"elementor-element elementor-element-62bcae1e elementor-widget elementor-widget-text-editor\" data-id=\"62bcae1e\" data-element_type=\"widget\" data-e-type=\"widget\" data-widget_type=\"text-editor.default\">\n\t\t\t\t<div class=\"elementor-widget-container\">\n\t\t\t\t\t\t\t\t\t<a href=\"https:\/\/rbsanace.cz\/index.php\/o-spolecnosti\/\"><span style=\"color: #9d9d9c;\">O spole\u010dnosti<\/span><\/a>\t\t\t\t\t\t\t\t<\/div>\n\t\t\t\t<\/div>\n\t\t\t\t\t<\/div>\n\t\t<\/div>\n\t\t\t\t<div class=\"elementor-column elementor-col-20 elementor-inner-column elementor-element elementor-element-634561f8\" data-id=\"634561f8\" data-element_type=\"column\" data-e-type=\"column\">\n\t\t\t<div class=\"elementor-widget-wrap elementor-element-populated\">\n\t\t\t\t\t\t<div class=\"elementor-element elementor-element-8f2344f elementor-widget elementor-widget-text-editor\" data-id=\"8f2344f\" data-element_type=\"widget\" data-e-type=\"widget\" data-widget_type=\"text-editor.default\">\n\t\t\t\t<div class=\"elementor-widget-container\">\n\t\t\t\t\t\t\t\t\t<a href=\"https:\/\/rbsanace.cz\/index.php\/produkty-a-sluzby\/\"><span style=\"color: #9d9d9c;\">Produkty a&nbsp;slu\u017eby<\/span><\/a>\t\t\t\t\t\t\t\t<\/div>\n\t\t\t\t<\/div>\n\t\t\t\t\t<\/div>\n\t\t<\/div>\n\t\t\t\t<div class=\"elementor-column elementor-col-20 elementor-inner-column elementor-element elementor-element-2126ffd0\" data-id=\"2126ffd0\" data-element_type=\"column\" data-e-type=\"column\">\n\t\t\t<div class=\"elementor-widget-wrap elementor-element-populated\">\n\t\t\t\t\t\t<div class=\"elementor-element elementor-element-7de2c4bf elementor-widget elementor-widget-text-editor\" data-id=\"7de2c4bf\" data-element_type=\"widget\" data-e-type=\"widget\" data-widget_type=\"text-editor.default\">\n\t\t\t\t<div class=\"elementor-widget-container\">\n\t\t\t\t\t\t\t\t\t<p><a href=\"https:\/\/rbsanace.cz\/index.php\/reference\/\" data-wplink-url-error=\"true\"><span style=\"color: #9d9d9c;\">Reference<\/span><\/a><\/p>\t\t\t\t\t\t\t\t<\/div>\n\t\t\t\t<\/div>\n\t\t\t\t\t<\/div>\n\t\t<\/div>\n\t\t\t\t<div class=\"elementor-column elementor-col-20 elementor-inner-column elementor-element elementor-element-35784f03\" data-id=\"35784f03\" data-element_type=\"column\" data-e-type=\"column\">\n\t\t\t<div class=\"elementor-widget-wrap elementor-element-populated\">\n\t\t\t\t\t\t<div class=\"elementor-element elementor-element-6af0fa35 elementor-widget elementor-widget-text-editor\" data-id=\"6af0fa35\" data-element_type=\"widget\" data-e-type=\"widget\" data-widget_type=\"text-editor.default\">\n\t\t\t\t<div class=\"elementor-widget-container\">\n\t\t\t\t\t\t\t\t\t<p><a href=\"https:\/\/rbsanace.cz\/index.php\/kontakt\/\" data-wplink-url-error=\"true\"><span style=\"color: #9d9d9c;\">Kontakt<\/span><\/a><\/p>\t\t\t\t\t\t\t\t<\/div>\n\t\t\t\t<\/div>\n\t\t\t\t\t<\/div>\n\t\t<\/div>\n\t\t\t\t\t<\/div>\n\t\t<\/section>\n\t\t\t\t<section class=\"elementor-section elementor-top-section elementor-element elementor-element-2b1aaad elementor-section-boxed elementor-section-height-default elementor-section-height-default\" data-id=\"2b1aaad\" data-element_type=\"section\" data-e-type=\"section\">\n\t\t\t\t\t\t<div class=\"elementor-container elementor-column-gap-default\">\n\t\t\t\t\t<div class=\"elementor-column elementor-col-100 elementor-top-column elementor-element elementor-element-a0fbab9\" data-id=\"a0fbab9\" data-element_type=\"column\" data-e-type=\"column\">\n\t\t\t<div class=\"elementor-widget-wrap elementor-element-populated\">\n\t\t\t\t\t\t<section class=\"elementor-section elementor-inner-section elementor-element elementor-element-89e3602 elementor-section-boxed elementor-section-height-default elementor-section-height-default\" data-id=\"89e3602\" data-element_type=\"section\" data-e-type=\"section\">\n\t\t\t\t\t\t<div class=\"elementor-container elementor-column-gap-no\">\n\t\t\t\t\t<div class=\"elementor-column elementor-col-66 elementor-inner-column elementor-element elementor-element-aadb5bb\" data-id=\"aadb5bb\" data-element_type=\"column\" data-e-type=\"column\">\n\t\t\t<div class=\"elementor-widget-wrap elementor-element-populated\">\n\t\t\t\t\t\t<div class=\"elementor-element elementor-element-3535608 elementor-widget-mobile__width-inherit elementor-widget elementor-widget-heading\" data-id=\"3535608\" data-element_type=\"widget\" data-e-type=\"widget\" data-widget_type=\"heading.default\">\n\t\t\t\t<div class=\"elementor-widget-container\">\n\t\t\t\t\t<h1 class=\"elementor-heading-title elementor-size-default\">O SPOLE\u010cNOSTI<\/h1>\t\t\t\t<\/div>\n\t\t\t\t<\/div>\n\t\t\t\t<div class=\"elementor-element elementor-element-e7e0f9a elementor-widget elementor-widget-spacer\" data-id=\"e7e0f9a\" data-element_type=\"widget\" data-e-type=\"widget\" data-widget_type=\"spacer.default\">\n\t\t\t\t<div class=\"elementor-widget-container\">\n\t\t\t\t\t\t\t<div class=\"elementor-spacer\">\n\t\t\t<div class=\"elementor-spacer-inner\"><\/div>\n\t\t<\/div>\n\t\t\t\t\t\t<\/div>\n\t\t\t\t<\/div>\n\t\t\t\t\t<\/div>\n\t\t<\/div>\n\t\t\t\t<div class=\"elementor-column elementor-col-33 elementor-inner-column elementor-element elementor-element-3ece585\" data-id=\"3ece585\" data-element_type=\"column\" data-e-type=\"column\">\n\t\t\t<div class=\"elementor-widget-wrap elementor-element-populated\">\n\t\t\t\t\t\t<div class=\"elementor-element elementor-element-447418a elementor-widget elementor-widget-text-editor\" data-id=\"447418a\" data-element_type=\"widget\" data-e-type=\"widget\" data-widget_type=\"text-editor.default\">\n\t\t\t\t<div class=\"elementor-widget-container\">\n\t\t\t\t\t\t\t\t\t<p><span style=\"color: #c00d0d;\">Spole\u010dnost\u00a0RB\u00a0sanace <\/span><\/p>\t\t\t\t\t\t\t\t<\/div>\n\t\t\t\t<\/div>\n\t\t\t\t<div class=\"elementor-element elementor-element-4bbc2c5 elementor-widget elementor-widget-text-editor\" data-id=\"4bbc2c5\" data-element_type=\"widget\" data-e-type=\"widget\" data-widget_type=\"text-editor.default\">\n\t\t\t\t<div class=\"elementor-widget-container\">\n\t\t\t\t\t\t\t\t\t<p><span style=\"font-size: 16px;\">kvalitn\u011b realizuje zak\u00e1zky v oblasti sanac\u00ed betonov\u00fdch konstrukc\u00ed. V r\u00e1mci realizace sanac\u00ed betonov\u00fdch konstrukc\u00ed spolupracujeme s v\u00fdznamn\u00fdmi v\u00fdrobci stavebn\u00ed chemie, tak abychom poskytli co nejlep\u0161\u00ed v\u00fdsledek sana\u010dn\u00edch prac\u00ed. Realizovali jsme ji\u017e stovky sanac\u00ed betovnov\u00fdch konstrukc\u00ed a staveb v okol\u00ed Ostravy, v Moravskoslezsk\u00e9m kraji, a tak\u00e9 po cel\u00e9 \u010cesk\u00e9 republice i na Slovensku.<br \/><br \/>V\u011b\u0159\u00edme, \u017ee se stanete na\u0161\u00edm dal\u0161\u00edm spokojen\u00fdm z\u00e1kazn\u00edkem a t\u011b\u0161\u00edme se na spolupr\u00e1ci s v\u00e1mi.<br \/><br \/>Robert Barton\u00edk, majitel<\/span><\/p>\t\t\t\t\t\t\t\t<\/div>\n\t\t\t\t<\/div>\n\t\t\t\t\t<\/div>\n\t\t<\/div>\n\t\t\t\t\t<\/div>\n\t\t<\/section>\n\t\t\t\t\t<\/div>\n\t\t<\/div>\n\t\t\t\t\t<\/div>\n\t\t<\/section>\n\t\t\t\t<section class=\"elementor-section elementor-top-section elementor-element elementor-element-21898010 elementor-section-boxed elementor-section-height-default elementor-section-height-default\" data-id=\"21898010\" data-element_type=\"section\" data-e-type=\"section\">\n\t\t\t\t\t\t<div class=\"elementor-container elementor-column-gap-default\">\n\t\t\t\t\t<div class=\"elementor-column elementor-col-100 elementor-top-column elementor-element elementor-element-248a923b\" data-id=\"248a923b\" data-element_type=\"column\" data-e-type=\"column\">\n\t\t\t<div class=\"elementor-widget-wrap elementor-element-populated\">\n\t\t\t\t\t\t<div class=\"elementor-element elementor-element-2a08d8c elementor-widget elementor-widget-spacer\" data-id=\"2a08d8c\" data-element_type=\"widget\" data-e-type=\"widget\" data-widget_type=\"spacer.default\">\n\t\t\t\t<div class=\"elementor-widget-container\">\n\t\t\t\t\t\t\t<div class=\"elementor-spacer\">\n\t\t\t<div class=\"elementor-spacer-inner\"><\/div>\n\t\t<\/div>\n\t\t\t\t\t\t<\/div>\n\t\t\t\t<\/div>\n\t\t\t\t<div class=\"elementor-element elementor-element-74cf621b elementor-widget elementor-widget-google_maps\" data-id=\"74cf621b\" data-element_type=\"widget\" data-e-type=\"widget\" data-widget_type=\"google_maps.default\">\n\t\t\t\t<div class=\"elementor-widget-container\">\n\t\t\t\t\t\t\t<div class=\"elementor-custom-embed\">\n\t\t\t<iframe loading=\"lazy\"\n\t\t\t\t\tsrc=\"https:\/\/maps.google.com\/maps?q=rb%20izol&#038;t=m&#038;z=14&#038;output=embed&#038;iwloc=near\"\n\t\t\t\t\ttitle=\"rb izol\"\n\t\t\t\t\taria-label=\"rb izol\"\n\t\t\t><\/iframe>\n\t\t<\/div>\n\t\t\t\t\t\t<\/div>\n\t\t\t\t<\/div>\n\t\t\t\t\t<\/div>\n\t\t<\/div>\n\t\t\t\t\t<\/div>\n\t\t<\/section>\n\t\t\t\t<section class=\"elementor-section elementor-inner-section elementor-element elementor-element-159081a3 elementor-section-boxed elementor-section-height-default elementor-section-height-default\" data-id=\"159081a3\" data-element_type=\"section\" data-e-type=\"section\" data-settings=\"{&quot;background_background&quot;:&quot;classic&quot;}\">\n\t\t\t\t\t\t<div class=\"elementor-container elementor-column-gap-default\">\n\t\t\t\t\t<div class=\"elementor-column elementor-col-25 elementor-inner-column elementor-element elementor-element-2b8f9bba\" data-id=\"2b8f9bba\" data-element_type=\"column\" data-e-type=\"column\">\n\t\t\t<div class=\"elementor-widget-wrap elementor-element-populated\">\n\t\t\t\t\t\t<div class=\"elementor-element elementor-element-484bb292 elementor-widget elementor-widget-text-editor\" data-id=\"484bb292\" data-element_type=\"widget\" data-e-type=\"widget\" data-widget_type=\"text-editor.default\">\n\t\t\t\t<div class=\"elementor-widget-container\">\n\t\t\t\t\t\t\t\t\t<span style=\"color: #ffffff;\"><a style=\"color: #ffffff;\" href=\"https:\/\/rbsanace.cz\/index.php\/o-spolecnosti\/\">O spole\u010dnosti<\/a><\/span>\n<br>\n<a href=\"https:\/\/rbsanace.cz\/index.php\/produkty-a-sluzby\/\"><span style=\"color: #ffffff;\">Produkty a slu\u017eby<\/span><\/a>\n<br>\n<span style=\"color: #ffffff;\"><a style=\"color: #ffffff;\" href=\"https:\/\/rbsanace.cz\/index.php\/reference\/\">Reference<\/a><\/span>\n<br>\n<span style=\"color: #ffffff;\"><a style=\"color: #ffffff;\" href=\"https:\/\/rbsanace.cz\/index.php\/kontakt\/\">Kontakt<\/a><\/span>\t\t\t\t\t\t\t\t<\/div>\n\t\t\t\t<\/div>\n\t\t\t\t\t<\/div>\n\t\t<\/div>\n\t\t\t\t<div class=\"elementor-column elementor-col-25 elementor-inner-column elementor-element elementor-element-274f0290\" data-id=\"274f0290\" data-element_type=\"column\" data-e-type=\"column\">\n\t\t\t<div class=\"elementor-widget-wrap elementor-element-populated\">\n\t\t\t\t\t\t<div class=\"elementor-element elementor-element-bf7e368 elementor-widget elementor-widget-text-editor\" data-id=\"bf7e368\" data-element_type=\"widget\" data-e-type=\"widget\" data-widget_type=\"text-editor.default\">\n\t\t\t\t<div class=\"elementor-widget-container\">\n\t\t\t\t\t\t\t\t\t<span style=\"color: #ffffff;\"><a style=\"color: #ffffff;\" href=\"https:\/\/rbsanace.cz\/index.php\/produkty-a-sluzby\/sanace-betonovych-konstrukci\/\">Sanace betonov\u00fdch konstrukc\u00ed<\/a><\/span>\n<br>\n<span style=\"color: #ffffff;\"><a style=\"color: #ffffff;\" href=\"https:\/\/rbsanace.cz\/index.php\/produkty-a-sluzby\/sanace-vlhkeho-zdiva\/\">Sanace vlhk\u00e9ho zdiva<\/a><\/span>\n<br>\n<span style=\"color: #ffffff;\"><a style=\"color: #ffffff;\" href=\"https:\/\/rbsanace.cz\/index.php\/produkty-a-sluzby\/hydroizolace-stavebni-chemii\/\">Hydroizolace stavebn\u00ed chemi\u00ed<\/a><\/span>\n<br>\n<span style=\"color: #ffffff;\"><a style=\"color: #ffffff;\" href=\"https:\/\/rbsanace.cz\/index.php\/produkty-a-sluzby\/tryskani-vodnim-paprskem-a-piskem\/\">Trysk\u00e1n\u00ed vodn\u00edm paprskem a\u00a0p\u00edskem<\/a><\/span>\t\t\t\t\t\t\t\t<\/div>\n\t\t\t\t<\/div>\n\t\t\t\t\t<\/div>\n\t\t<\/div>\n\t\t\t\t<div class=\"elementor-column elementor-col-25 elementor-inner-column elementor-element elementor-element-134230b1\" data-id=\"134230b1\" data-element_type=\"column\" data-e-type=\"column\">\n\t\t\t<div class=\"elementor-widget-wrap elementor-element-populated\">\n\t\t\t\t\t\t<div class=\"elementor-element elementor-element-df2c6ef elementor-widget elementor-widget-text-editor\" data-id=\"df2c6ef\" data-element_type=\"widget\" data-e-type=\"widget\" data-widget_type=\"text-editor.default\">\n\t\t\t\t<div class=\"elementor-widget-container\">\n\t\t\t\t\t\t\t\t\t<span style=\"color: #f0f0f0;\">Robert Barton\u00edk<\/span>\n<br>\n<span style=\"color: #f0f0f0;\">jednatel<\/span>\n<br>\n<span style=\"color: #f0f0f0;\">+420 608 854 253<\/span>\n<br>\n<span style=\"color: #f0f0f0;\">bartonik@rbsanace.cz<\/span>\t\t\t\t\t\t\t\t<\/div>\n\t\t\t\t<\/div>\n\t\t\t\t\t<\/div>\n\t\t<\/div>\n\t\t\t\t<div class=\"elementor-column elementor-col-25 elementor-inner-column elementor-element elementor-element-3d388740\" data-id=\"3d388740\" data-element_type=\"column\" data-e-type=\"column\">\n\t\t\t<div class=\"elementor-widget-wrap elementor-element-populated\">\n\t\t\t\t\t\t<div class=\"elementor-element elementor-element-ec6f8af elementor-widget elementor-widget-text-editor\" data-id=\"ec6f8af\" data-element_type=\"widget\" data-e-type=\"widget\" data-widget_type=\"text-editor.default\">\n\t\t\t\t<div class=\"elementor-widget-container\">\n\t\t\t\t\t\t\t\t\tRB sanace s.r.o.\n<br>\nNa Kopci 327\/3a\n<br>\nHav\u00ed\u0159ov &#8211; Doln\u00ed Such\u00e1\n<br>\n735 64\t\t\t\t\t\t\t\t<\/div>\n\t\t\t\t<\/div>\n\t\t\t\t\t<\/div>\n\t\t<\/div>\n\t\t\t\t\t<\/div>\n\t\t<\/section>\n\t\t\t\t<section class=\"elementor-section elementor-top-section elementor-element elementor-element-6ce7afd elementor-section-boxed elementor-section-height-default elementor-section-height-default\" data-id=\"6ce7afd\" data-element_type=\"section\" data-e-type=\"section\">\n\t\t\t\t\t\t<div class=\"elementor-container elementor-column-gap-default\">\n\t\t\t\t\t<div class=\"elementor-column elementor-col-100 elementor-top-column elementor-element elementor-element-3be5522\" data-id=\"3be5522\" data-element_type=\"column\" data-e-type=\"column\">\n\t\t\t<div class=\"elementor-widget-wrap elementor-element-populated\">\n\t\t\t\t\t\t<div class=\"elementor-element elementor-element-7e2adfd elementor-widget elementor-widget-html\" data-id=\"7e2adfd\" data-element_type=\"widget\" data-e-type=\"widget\" data-widget_type=\"html.default\">\n\t\t\t\t<div class=\"elementor-widget-container\">\n\t\t\t\t\t<script>\nvar btn = document.querySelector('#btn-menu');\n    var menu = document.querySelector(\"#menu\");\n    btn.addEventListener(\"click\", function() {\n    if (menu.style.display === \"block\") {\n    menu.style.display = \"none\";\n    } else {\n    menu.style.display = \"block\";\n    }\n    });\n<\/script> \t\t\t\t<\/div>\n\t\t\t\t<\/div>\n\t\t\t\t\t<\/div>\n\t\t<\/div>\n\t\t\t\t\t<\/div>\n\t\t<\/section>\n\t\t\t\t<\/div>\n\t\t","protected":false},"excerpt":{"rendered":"<p>O spole\u010dnostiProdukty a&nbsp;slu\u017eby Reference Kontakt O SPOLE\u010cNOSTI Spole\u010dnost\u00a0RB\u00a0sanace kvalitn\u011b realizuje zak\u00e1zky v oblasti sanac\u00ed betonov\u00fdch konstrukc\u00ed. V r\u00e1mci realizace sanac\u00ed betonov\u00fdch konstrukc\u00ed spolupracujeme s v\u00fdznamn\u00fdmi v\u00fdrobci stavebn\u00ed chemie, tak abychom poskytli co nejlep\u0161\u00ed v\u00fdsledek sana\u010dn\u00edch prac\u00ed. Realizovali jsme ji\u017e stovky sanac\u00ed betovnov\u00fdch konstrukc\u00ed a staveb v okol\u00ed Ostravy, v Moravskoslezsk\u00e9m kraji, a tak\u00e9 po cel\u00e9&hellip; <a class=\"more-link\" href=\"https:\/\/rbsanace.cz\/index.php\/o-spolecnosti\/\">Pokra\u010dovat ve\u00a0\u010dten\u00ed <span class=\"screen-reader-text\">O spole\u010dnosti<\/span><\/a><\/p>\n","protected":false},"author":2,"featured_media":0,"parent":0,"menu_order":0,"comment_status":"closed","ping_status":"closed","template":"elementor_canvas","meta":{"footnotes":""},"class_list":["post-113","page","type-page","status-publish","hentry","entry"],"_links":{"self":[{"href":"https:\/\/rbsanace.cz\/index.php\/wp-json\/wp\/v2\/pages\/113","targetHints":{"allow":["GET"]}}],"collection":[{"href":"https:\/\/rbsanace.cz\/index.php\/wp-json\/wp\/v2\/pages"}],"about":[{"href":"https:\/\/rbsanace.cz\/index.php\/wp-json\/wp\/v2\/types\/page"}],"author":[{"embeddable":true,"href":"https:\/\/rbsanace.cz\/index.php\/wp-json\/wp\/v2\/users\/2"}],"replies":[{"embeddable":true,"href":"https:\/\/rbsanace.cz\/index.php\/wp-json\/wp\/v2\/comments?post=113"}],"version-history":[{"count":0,"href":"https:\/\/rbsanace.cz\/index.php\/wp-json\/wp\/v2\/pages\/113\/revisions"}],"wp:attachment":[{"href":"https:\/\/rbsanace.cz\/index.php\/wp-json\/wp\/v2\/media?parent=113"}],"curies":[{"name":"wp","href":"https:\/\/api.w.org\/{rel}","templated":true}]}}